{"id":14133,"date":"2024-08-19T14:17:33","date_gmt":"2024-08-19T12:17:33","guid":{"rendered":"https:\/\/www.aiki.be\/?page_id=14133"},"modified":"2024-12-23T14:20:45","modified_gmt":"2024-12-23T13:20:45","slug":"yakimeshi","status":"publish","type":"page","link":"https:\/\/www.aiki.be\/fr\/yakimeshi\/","title":{"rendered":"Yakimeshi"},"content":{"rendered":"<div data-elementor-type=\"wp-page\" data-elementor-id=\"14133\" class=\"elementor elementor-14133\">\n\t\t\t\t\t\t<div class=\"elementor-inner\">\n\t\t\t\t<div class=\"elementor-section-wrap\">\n\t\t\t\t\t\t\t\t\t<section class=\"elementor-section elementor-top-section elementor-element elementor-element-7ae43db elementor-section-full_width elementor-section-height-min-height elementor-section-items-top elementor-section-height-default\" data-id=\"7ae43db\" data-element_type=\"section\" data-settings=\"{&quot;background_background&quot;:&quot;classic&quot;}\">\n\t\t\t\t\t\t<div class=\"elementor-container elementor-column-gap-default\">\n\t\t\t\t\t\t\t<div class=\"elementor-row\">\n\t\t\t\t\t<div class=\"elementor-column elementor-col-100 elementor-top-column elementor-element elementor-element-71e9c93\" data-id=\"71e9c93\" data-element_type=\"column\" data-settings=\"{&quot;background_background&quot;:&quot;classic&quot;}\">\n\t\t\t<div class=\"elementor-column-wrap\">\n\t\t\t\t\t\t\t<div class=\"elementor-widget-wrap\">\n\t\t\t\t\t\t\t\t<\/div>\n\t\t\t\t\t<\/div>\n\t\t<\/div>\n\t\t\t\t\t\t\t\t<\/div>\n\t\t\t\t\t<\/div>\n\t\t<\/section>\n\t\t\t\t<section class=\"elementor-section elementor-top-section elementor-element elementor-element-1f0cb1e elementor-section-full_width elementor-section-height-min-height elementor-section-items-stretch elementor-section-content-top elementor-section-height-default\" data-id=\"1f0cb1e\" data-element_type=\"section\" data-settings=\"{&quot;background_background&quot;:&quot;classic&quot;}\">\n\t\t\t\t\t\t<div class=\"elementor-container elementor-column-gap-default\">\n\t\t\t\t\t\t\t<div class=\"elementor-row\">\n\t\t\t\t\t<div class=\"elementor-column elementor-col-100 elementor-top-column elementor-element elementor-element-99f7f3e\" data-id=\"99f7f3e\" data-element_type=\"column\" data-settings=\"{&quot;background_background&quot;:&quot;classic&quot;}\">\n\t\t\t<div class=\"elementor-column-wrap elementor-element-populated\">\n\t\t\t\t\t\t\t<div class=\"elementor-widget-wrap\">\n\t\t\t\t\t\t<div class=\"elementor-element elementor-element-f51369f elementor-widget elementor-widget-spacer\" data-id=\"f51369f\" data-element_type=\"widget\" data-widget_type=\"spacer.default\">\n\t\t\t\t<div class=\"elementor-widget-container\">\n\t\t\t\t\t<div class=\"elementor-spacer\">\n\t\t\t<div class=\"elementor-spacer-inner\"><\/div>\n\t\t<\/div>\n\t\t\t\t<\/div>\n\t\t\t\t<\/div>\n\t\t\t\t\t\t<\/div>\n\t\t\t\t\t<\/div>\n\t\t<\/div>\n\t\t\t\t\t\t\t\t<\/div>\n\t\t\t\t\t<\/div>\n\t\t<\/section>\n\t\t\t\t<section class=\"elementor-section elementor-top-section elementor-element elementor-element-741a49d elementor-section-boxed elementor-section-height-default elementor-section-height-default\" data-id=\"741a49d\" data-element_type=\"section\" data-settings=\"{&quot;background_background&quot;:&quot;classic&quot;}\">\n\t\t\t\t\t\t<div class=\"elementor-container elementor-column-gap-default\">\n\t\t\t\t\t\t\t<div class=\"elementor-row\">\n\t\t\t\t\t<div class=\"elementor-column elementor-col-100 elementor-top-column elementor-element elementor-element-4d9466c\" data-id=\"4d9466c\" data-element_type=\"column\">\n\t\t\t<div class=\"elementor-column-wrap elementor-element-populated\">\n\t\t\t\t\t\t\t<div class=\"elementor-widget-wrap\">\n\t\t\t\t\t\t<div class=\"elementor-element elementor-element-1de2c0d elementor-widget elementor-widget-image\" data-id=\"1de2c0d\" data-element_type=\"widget\" data-widget_type=\"image.default\">\n\t\t\t\t<div class=\"elementor-widget-container\">\n\t\t\t\t\t\t\t\t<div class=\"elementor-image\">\n\t\t\t\t\t\t\t\t\t\t\t\t<img loading=\"lazy\" decoding=\"async\" width=\"450\" height=\"90\" src=\"https:\/\/www.aiki.be\/wp-content\/uploads\/2024\/08\/Yakimeshi-logo-text.png\" class=\"attachment-medium_large size-medium_large\" alt=\"\" srcset=\"https:\/\/www.aiki.be\/wp-content\/uploads\/2024\/08\/Yakimeshi-logo-text.png 450w, https:\/\/www.aiki.be\/wp-content\/uploads\/2024\/08\/Yakimeshi-logo-text-300x60.png 300w, https:\/\/www.aiki.be\/wp-content\/uploads\/2024\/08\/Yakimeshi-logo-text-18x4.png 18w\" sizes=\"(max-width: 34.9rem) calc(100vw - 2rem), (max-width: 53rem) calc(8 * (100vw \/ 12)), (min-width: 53rem) calc(6 * (100vw \/ 12)), 100vw\" \/>\t\t\t\t\t\t\t\t\t\t\t\t\t\t<\/div>\n\t\t\t\t\t\t<\/div>\n\t\t\t\t<\/div>\n\t\t\t\t<div class=\"elementor-element elementor-element-fd8bece elementor-widget elementor-widget-text-editor\" data-id=\"fd8bece\" data-element_type=\"widget\" data-widget_type=\"text-editor.default\">\n\t\t\t\t<div class=\"elementor-widget-container\">\n\t\t\t\t\t\t\t\t<div class=\"elementor-text-editor elementor-clearfix\">\n\t\t\t\t<p><strong>A\u00efki pr\u00e9sente sa nouvelle gamme de recettes de riz asiatiques : \u00ab A\u00efki Yakimeshi \u00bb. Elles s'inspirent des authentiques recettes japonaises Yakimeshi, pour manger facilement un repas d\u00e9licieux en un rien de temps !<\/strong><\/p><p>Yakimeshi existe en 3 savoureux plats de riz asiatiques accompagn\u00e9s d'une d\u00e9licieuse sauce, pour que vous puissiez choisir selon votre go\u00fbt.<\/p><p>D\u00e9couvrez nos nouveaux plats aux diff\u00e9rentes saveurs: Chicken Teriyaki, Curry Vegetables et Beef Soya. Tous ces plats sont combin\u00e9s avec les ingr\u00e9dients savoureux suivants:<\/p>\t\t\t\t\t<\/div>\n\t\t\t\t\t\t<\/div>\n\t\t\t\t<\/div>\n\t\t\t\t<div class=\"elementor-element elementor-element-69323cc elementor-widget elementor-widget-image\" data-id=\"69323cc\" data-element_type=\"widget\" data-widget_type=\"image.default\">\n\t\t\t\t<div class=\"elementor-widget-container\">\n\t\t\t\t\t\t\t\t<div class=\"elementor-image\">\n\t\t\t\t\t\t\t\t\t\t\t\t<img loading=\"lazy\" decoding=\"async\" width=\"2614\" height=\"1218\" src=\"https:\/\/www.aiki.be\/wp-content\/uploads\/2024\/08\/yakimeshi-info-fr-2.png\" class=\"attachment-full size-full\" alt=\"\" srcset=\"https:\/\/www.aiki.be\/wp-content\/uploads\/2024\/08\/yakimeshi-info-fr-2.png 2603w, https:\/\/www.aiki.be\/wp-content\/uploads\/2024\/08\/yakimeshi-info-fr-2-300x140.png 300w, https:\/\/www.aiki.be\/wp-content\/uploads\/2024\/08\/yakimeshi-info-fr-2-1024x479.png 1024w, https:\/\/www.aiki.be\/wp-content\/uploads\/2024\/08\/yakimeshi-info-fr-2-768x359.png 768w, https:\/\/www.aiki.be\/wp-content\/uploads\/2024\/08\/yakimeshi-info-fr-2-1536x719.png 1536w, https:\/\/www.aiki.be\/wp-content\/uploads\/2024\/08\/yakimeshi-info-fr-2-2048x958.png 2048w, https:\/\/www.aiki.be\/wp-content\/uploads\/2024\/08\/yakimeshi-info-fr-2-18x8.png 18w, https:\/\/www.aiki.be\/wp-content\/uploads\/2024\/08\/yakimeshi-info-fr-2-1568x734.png 1568w\" sizes=\"(max-width: 34.9rem) calc(100vw - 2rem), (max-width: 53rem) calc(8 * (100vw \/ 12)), (min-width: 53rem) calc(6 * (100vw \/ 12)), 100vw\" \/>\t\t\t\t\t\t\t\t\t\t\t\t\t\t<\/div>\n\t\t\t\t\t\t<\/div>\n\t\t\t\t<\/div>\n\t\t\t\t<div class=\"elementor-element elementor-element-99436d0 elementor-widget elementor-widget-text-editor\" data-id=\"99436d0\" data-element_type=\"widget\" data-widget_type=\"text-editor.default\">\n\t\t\t\t<div class=\"elementor-widget-container\">\n\t\t\t\t\t\t\t\t<div class=\"elementor-text-editor elementor-clearfix\">\n\t\t\t\t<p>DECOUVREZ NOS 3 GO\u00dbTS<\/p>\t\t\t\t\t<\/div>\n\t\t\t\t\t\t<\/div>\n\t\t\t\t<\/div>\n\t\t\t\t<section class=\"elementor-section elementor-inner-section elementor-element elementor-element-cf2795e elementor-section-full_width elementor-section-height-default elementor-section-height-default\" data-id=\"cf2795e\" data-element_type=\"section\">\n\t\t\t\t\t\t<div class=\"elementor-container elementor-column-gap-default\">\n\t\t\t\t\t\t\t<div class=\"elementor-row\">\n\t\t\t\t\t<div class=\"elementor-column elementor-col-33 elementor-inner-column elementor-element elementor-element-25d5ef8\" data-id=\"25d5ef8\" data-element_type=\"column\">\n\t\t\t<div class=\"elementor-column-wrap elementor-element-populated\">\n\t\t\t\t\t\t\t<div class=\"elementor-widget-wrap\">\n\t\t\t\t\t\t<div class=\"elementor-element elementor-element-40989b7 elementor-widget elementor-widget-image\" data-id=\"40989b7\" data-element_type=\"widget\" data-widget_type=\"image.default\">\n\t\t\t\t<div class=\"elementor-widget-container\">\n\t\t\t\t\t\t\t\t<div class=\"elementor-image\">\n\t\t\t\t\t\t\t\t\t\t\t\t<img loading=\"lazy\" decoding=\"async\" width=\"1004\" height=\"1405\" src=\"https:\/\/www.aiki.be\/wp-content\/uploads\/2024\/08\/yakimeshi_cup-1.png\" class=\"attachment-full size-full\" alt=\"\" srcset=\"https:\/\/www.aiki.be\/wp-content\/uploads\/2024\/08\/yakimeshi_cup-1.png 1004w, https:\/\/www.aiki.be\/wp-content\/uploads\/2024\/08\/yakimeshi_cup-1-214x300.png 214w, https:\/\/www.aiki.be\/wp-content\/uploads\/2024\/08\/yakimeshi_cup-1-732x1024.png 732w, https:\/\/www.aiki.be\/wp-content\/uploads\/2024\/08\/yakimeshi_cup-1-768x1075.png 768w, https:\/\/www.aiki.be\/wp-content\/uploads\/2024\/08\/yakimeshi_cup-1-9x12.png 9w\" sizes=\"(max-width: 34.9rem) calc(100vw - 2rem), (max-width: 53rem) calc(8 * (100vw \/ 12)), (min-width: 53rem) calc(6 * (100vw \/ 12)), 100vw\" \/>\t\t\t\t\t\t\t\t\t\t\t\t\t\t<\/div>\n\t\t\t\t\t\t<\/div>\n\t\t\t\t<\/div>\n\t\t\t\t<div class=\"elementor-element elementor-element-5a3c032 elementor-widget elementor-widget-text-editor\" data-id=\"5a3c032\" data-element_type=\"widget\" data-widget_type=\"text-editor.default\">\n\t\t\t\t<div class=\"elementor-widget-container\">\n\t\t\t\t\t\t\t\t<div class=\"elementor-text-editor elementor-clearfix\">\n\t\t\t\t<div class=\"page\" title=\"Page 1\"><div class=\"section\"><div class=\"layoutArea\"><div class=\"column\"><p>Riz instantan\u00e9 avec viande de poulet et sauce aromatis\u00e9e au teriyaki<\/p><\/div><\/div><\/div><\/div>\t\t\t\t\t<\/div>\n\t\t\t\t\t\t<\/div>\n\t\t\t\t<\/div>\n\t\t\t\t\t\t<\/div>\n\t\t\t\t\t<\/div>\n\t\t<\/div>\n\t\t\t\t<div class=\"elementor-column elementor-col-33 elementor-inner-column elementor-element elementor-element-57170f5\" data-id=\"57170f5\" data-element_type=\"column\">\n\t\t\t<div class=\"elementor-column-wrap elementor-element-populated\">\n\t\t\t\t\t\t\t<div class=\"elementor-widget-wrap\">\n\t\t\t\t\t\t<div class=\"elementor-element elementor-element-dece5b0 elementor-widget elementor-widget-image\" data-id=\"dece5b0\" data-element_type=\"widget\" data-widget_type=\"image.default\">\n\t\t\t\t<div class=\"elementor-widget-container\">\n\t\t\t\t\t\t\t\t<div class=\"elementor-image\">\n\t\t\t\t\t\t\t\t\t\t\t\t<img loading=\"lazy\" decoding=\"async\" width=\"1003\" height=\"1404\" src=\"https:\/\/www.aiki.be\/wp-content\/uploads\/2024\/08\/yakimeshi_cup-2.png\" class=\"attachment-full size-full\" alt=\"\" srcset=\"https:\/\/www.aiki.be\/wp-content\/uploads\/2024\/08\/yakimeshi_cup-2.png 1003w, https:\/\/www.aiki.be\/wp-content\/uploads\/2024\/08\/yakimeshi_cup-2-214x300.png 214w, https:\/\/www.aiki.be\/wp-content\/uploads\/2024\/08\/yakimeshi_cup-2-732x1024.png 732w, https:\/\/www.aiki.be\/wp-content\/uploads\/2024\/08\/yakimeshi_cup-2-768x1075.png 768w, https:\/\/www.aiki.be\/wp-content\/uploads\/2024\/08\/yakimeshi_cup-2-9x12.png 9w\" sizes=\"(max-width: 34.9rem) calc(100vw - 2rem), (max-width: 53rem) calc(8 * (100vw \/ 12)), (min-width: 53rem) calc(6 * (100vw \/ 12)), 100vw\" \/>\t\t\t\t\t\t\t\t\t\t\t\t\t\t<\/div>\n\t\t\t\t\t\t<\/div>\n\t\t\t\t<\/div>\n\t\t\t\t<div class=\"elementor-element elementor-element-0caa84d elementor-widget elementor-widget-text-editor\" data-id=\"0caa84d\" data-element_type=\"widget\" data-widget_type=\"text-editor.default\">\n\t\t\t\t<div class=\"elementor-widget-container\">\n\t\t\t\t\t\t\t\t<div class=\"elementor-text-editor elementor-clearfix\">\n\t\t\t\t<div class=\"page\" title=\"Page 1\"><div class=\"section\"><div class=\"layoutArea\"><div class=\"column\"><p>Riz instantan\u00e9 \u00e0 la sauce soja, curry \u00e9t l\u00e9gumes<\/p><\/div><\/div><\/div><\/div>\t\t\t\t\t<\/div>\n\t\t\t\t\t\t<\/div>\n\t\t\t\t<\/div>\n\t\t\t\t\t\t<\/div>\n\t\t\t\t\t<\/div>\n\t\t<\/div>\n\t\t\t\t<div class=\"elementor-column elementor-col-33 elementor-inner-column elementor-element elementor-element-8bd07df\" data-id=\"8bd07df\" data-element_type=\"column\">\n\t\t\t<div class=\"elementor-column-wrap elementor-element-populated\">\n\t\t\t\t\t\t\t<div class=\"elementor-widget-wrap\">\n\t\t\t\t\t\t<div class=\"elementor-element elementor-element-40969b5 elementor-widget elementor-widget-image\" data-id=\"40969b5\" data-element_type=\"widget\" data-widget_type=\"image.default\">\n\t\t\t\t<div class=\"elementor-widget-container\">\n\t\t\t\t\t\t\t\t<div class=\"elementor-image\">\n\t\t\t\t\t\t\t\t\t\t\t\t<img loading=\"lazy\" decoding=\"async\" width=\"1001\" height=\"1405\" src=\"https:\/\/www.aiki.be\/wp-content\/uploads\/2024\/08\/yakimeshi_cup-3.png\" class=\"attachment-full size-full\" alt=\"\" srcset=\"https:\/\/www.aiki.be\/wp-content\/uploads\/2024\/08\/yakimeshi_cup-3.png 1001w, https:\/\/www.aiki.be\/wp-content\/uploads\/2024\/08\/yakimeshi_cup-3-214x300.png 214w, https:\/\/www.aiki.be\/wp-content\/uploads\/2024\/08\/yakimeshi_cup-3-730x1024.png 730w, https:\/\/www.aiki.be\/wp-content\/uploads\/2024\/08\/yakimeshi_cup-3-768x1078.png 768w, https:\/\/www.aiki.be\/wp-content\/uploads\/2024\/08\/yakimeshi_cup-3-9x12.png 9w\" sizes=\"(max-width: 34.9rem) calc(100vw - 2rem), (max-width: 53rem) calc(8 * (100vw \/ 12)), (min-width: 53rem) calc(6 * (100vw \/ 12)), 100vw\" \/>\t\t\t\t\t\t\t\t\t\t\t\t\t\t<\/div>\n\t\t\t\t\t\t<\/div>\n\t\t\t\t<\/div>\n\t\t\t\t<div class=\"elementor-element elementor-element-d004e42 elementor-widget elementor-widget-text-editor\" data-id=\"d004e42\" data-element_type=\"widget\" data-widget_type=\"text-editor.default\">\n\t\t\t\t<div class=\"elementor-widget-container\">\n\t\t\t\t\t\t\t\t<div class=\"elementor-text-editor elementor-clearfix\">\n\t\t\t\t<div class=\"page\" title=\"Page 1\"><div class=\"section\"><div class=\"layoutArea\"><div class=\"column\"><p>Riz instantan\u00e9 \u00e0 la sauce soja et viande de boeuf<\/p><\/div><\/div><\/div><\/div>\t\t\t\t\t<\/div>\n\t\t\t\t\t\t<\/div>\n\t\t\t\t<\/div>\n\t\t\t\t\t\t<\/div>\n\t\t\t\t\t<\/div>\n\t\t<\/div>\n\t\t\t\t\t\t\t\t<\/div>\n\t\t\t\t\t<\/div>\n\t\t<\/section>\n\t\t\t\t\t\t<\/div>\n\t\t\t\t\t<\/div>\n\t\t<\/div>\n\t\t\t\t\t\t\t\t<\/div>\n\t\t\t\t\t<\/div>\n\t\t<\/section>\n\t\t\t\t\t\t\t\t\t<\/div>\n\t\t\t<\/div>\n\t\t\t\t\t<\/div>","protected":false},"excerpt":{"rendered":"<p>A\u00efki presenteert zijn nieuw gamma Aziatische rijstrecepten: A\u00efki Yakimeshi: ge\u00efnspireerd op de authentieke Japanse Yakimeshi recepten, om gemakkelijk en lekker te eten in een mum van tijd! Yakimeshi komt in 3 smakelijke Aziatische rijstgerechten vergezeld van een heerlijke saus, zodat je naar eigen smaak kan kiezen. Ontdek onze nieuwe gerechten in verschillende smaken: Chicken Teriyaki, [&hellip;]<\/p>","protected":false},"author":3,"featured_media":0,"parent":0,"menu_order":0,"comment_status":"closed","ping_status":"closed","template":"elementor_header_footer","meta":{"_eb_attr":"","_mi_skip_tracking":false,"_monsterinsights_sitenote_active":false,"_monsterinsights_sitenote_note":"","_monsterinsights_sitenote_category":0,"footnotes":""},"class_list":["post-14133","page","type-page","status-publish","hentry","entry"],"acf":[],"_links":{"self":[{"href":"https:\/\/www.aiki.be\/fr\/wp-json\/wp\/v2\/pages\/14133"}],"collection":[{"href":"https:\/\/www.aiki.be\/fr\/wp-json\/wp\/v2\/pages"}],"about":[{"href":"https:\/\/www.aiki.be\/fr\/wp-json\/wp\/v2\/types\/page"}],"author":[{"embeddable":true,"href":"https:\/\/www.aiki.be\/fr\/wp-json\/wp\/v2\/users\/3"}],"replies":[{"embeddable":true,"href":"https:\/\/www.aiki.be\/fr\/wp-json\/wp\/v2\/comments?post=14133"}],"version-history":[{"count":99,"href":"https:\/\/www.aiki.be\/fr\/wp-json\/wp\/v2\/pages\/14133\/revisions"}],"predecessor-version":[{"id":14477,"href":"https:\/\/www.aiki.be\/fr\/wp-json\/wp\/v2\/pages\/14133\/revisions\/14477"}],"wp:attachment":[{"href":"https:\/\/www.aiki.be\/fr\/wp-json\/wp\/v2\/media?parent=14133"}],"curies":[{"name":"wp","href":"https:\/\/api.w.org\/{rel}","templated":true}]}}