{"id":14162,"date":"2024-08-20T10:19:46","date_gmt":"2024-08-20T08:19:46","guid":{"rendered":"https:\/\/www.aiki.be\/?page_id=14162"},"modified":"2026-04-30T18:01:40","modified_gmt":"2026-04-30T16:01:40","slug":"yakisoba","status":"publish","type":"page","link":"https:\/\/www.aiki.be\/fr\/yakisoba\/","title":{"rendered":"Yakisoba"},"content":{"rendered":"<div data-elementor-type=\"wp-page\" data-elementor-id=\"14162\" class=\"elementor elementor-14162\">\n\t\t\t\t\t\t<div class=\"elementor-inner\">\n\t\t\t\t<div class=\"elementor-section-wrap\">\n\t\t\t\t\t\t\t\t\t<section class=\"elementor-section elementor-top-section elementor-element elementor-element-7ae43db elementor-section-full_width elementor-section-height-min-height elementor-section-items-stretch elementor-hidden-desktop elementor-hidden-tablet elementor-section-height-default\" data-id=\"7ae43db\" data-element_type=\"section\" data-settings=\"{&quot;background_background&quot;:&quot;classic&quot;}\">\n\t\t\t\t\t\t<div class=\"elementor-container elementor-column-gap-default\">\n\t\t\t\t\t\t\t<div class=\"elementor-row\">\n\t\t\t\t\t<div class=\"elementor-column elementor-col-100 elementor-top-column elementor-element elementor-element-71e9c93\" data-id=\"71e9c93\" data-element_type=\"column\" data-settings=\"{&quot;background_background&quot;:&quot;classic&quot;}\">\n\t\t\t<div class=\"elementor-column-wrap\">\n\t\t\t\t\t\t\t<div class=\"elementor-widget-wrap\">\n\t\t\t\t\t\t\t\t<\/div>\n\t\t\t\t\t<\/div>\n\t\t<\/div>\n\t\t\t\t\t\t\t\t<\/div>\n\t\t\t\t\t<\/div>\n\t\t<\/section>\n\t\t\t\t<section class=\"elementor-section elementor-top-section elementor-element elementor-element-a936910 elementor-section-full_width elementor-section-height-min-height elementor-section-items-stretch elementor-section-height-default\" data-id=\"a936910\" data-element_type=\"section\" data-settings=\"{&quot;background_background&quot;:&quot;classic&quot;}\">\n\t\t\t\t\t\t<div class=\"elementor-container elementor-column-gap-default\">\n\t\t\t\t\t\t\t<div class=\"elementor-row\">\n\t\t\t\t\t<div class=\"elementor-column elementor-col-100 elementor-top-column elementor-element elementor-element-ae1ef44\" data-id=\"ae1ef44\" data-element_type=\"column\" data-settings=\"{&quot;background_background&quot;:&quot;classic&quot;}\">\n\t\t\t<div class=\"elementor-column-wrap elementor-element-populated\">\n\t\t\t\t\t\t\t<div class=\"elementor-widget-wrap\">\n\t\t\t\t\t\t\t\t<\/div>\n\t\t\t\t\t<\/div>\n\t\t<\/div>\n\t\t\t\t\t\t\t\t<\/div>\n\t\t\t\t\t<\/div>\n\t\t<\/section>\n\t\t\t\t<section class=\"elementor-section elementor-top-section elementor-element elementor-element-741a49d elementor-section-boxed elementor-section-height-default elementor-section-height-default\" data-id=\"741a49d\" data-element_type=\"section\" data-settings=\"{&quot;background_background&quot;:&quot;classic&quot;}\">\n\t\t\t\t\t\t<div class=\"elementor-container elementor-column-gap-default\">\n\t\t\t\t\t\t\t<div class=\"elementor-row\">\n\t\t\t\t\t<div class=\"elementor-column elementor-col-100 elementor-top-column elementor-element elementor-element-4d9466c\" data-id=\"4d9466c\" data-element_type=\"column\">\n\t\t\t<div class=\"elementor-column-wrap elementor-element-populated\">\n\t\t\t\t\t\t\t<div class=\"elementor-widget-wrap\">\n\t\t\t\t\t\t<div class=\"elementor-element elementor-element-eeb0be1 elementor-widget elementor-widget-text-editor\" data-id=\"eeb0be1\" data-element_type=\"widget\" data-widget_type=\"text-editor.default\">\n\t\t\t\t<div class=\"elementor-widget-container\">\n\t\t\t\t\t\t\t\t<div class=\"elementor-text-editor elementor-clearfix\">\n\t\t\t\t<p>A\u00cfKI YAKISOBA<\/p>\t\t\t\t\t<\/div>\n\t\t\t\t\t\t<\/div>\n\t\t\t\t<\/div>\n\t\t\t\t<div class=\"elementor-element elementor-element-1350d8f elementor-widget elementor-widget-text-editor\" data-id=\"1350d8f\" data-element_type=\"widget\" data-widget_type=\"text-editor.default\">\n\t\t\t\t<div class=\"elementor-widget-container\">\n\t\t\t\t\t\t\t\t<div class=\"elementor-text-editor elementor-clearfix\">\n\t\t\t\t<p>A\u00efki Yakisoba, ge\u00efnspireerd op het Japanse noedelgerecht \u2018Yakisoba\u2019.<\/p><p>Des nouilles savoureuses, des morceaux de l\u00e9gumes et une sauce sucr\u00e9e et sal\u00e9e pour sublimer. C\u2019est la base pour toutes les recettes d\u2019A\u00efki Yakisoba. Et pour votre bonheur, vous avez trois saveurs : trois exp\u00e9riences gustatives au go\u00fbt unique : Classic, Chicken et Curry. \n\u00c7a vous donne envie ? Eh bien nous aussi !<\/p>\t\t\t\t\t<\/div>\n\t\t\t\t\t\t<\/div>\n\t\t\t\t<\/div>\n\t\t\t\t<div class=\"elementor-element elementor-element-69323cc elementor-widget elementor-widget-image\" data-id=\"69323cc\" data-element_type=\"widget\" data-widget_type=\"image.default\">\n\t\t\t\t<div class=\"elementor-widget-container\">\n\t\t\t\t\t\t\t\t<div class=\"elementor-image\">\n\t\t\t\t\t\t\t\t\t\t\t\t<img loading=\"lazy\" decoding=\"async\" width=\"2942\" height=\"2268\" src=\"https:\/\/www.aiki.be\/wp-content\/uploads\/2021\/10\/Packshot_3.png\" class=\"attachment-full size-full\" alt=\"\" srcset=\"https:\/\/www.aiki.be\/wp-content\/uploads\/2021\/10\/Packshot_3.png 2942w, https:\/\/www.aiki.be\/wp-content\/uploads\/2021\/10\/Packshot_3-300x231.png 300w, https:\/\/www.aiki.be\/wp-content\/uploads\/2021\/10\/Packshot_3-1024x789.png 1024w, https:\/\/www.aiki.be\/wp-content\/uploads\/2021\/10\/Packshot_3-768x592.png 768w, https:\/\/www.aiki.be\/wp-content\/uploads\/2021\/10\/Packshot_3-1536x1184.png 1536w, https:\/\/www.aiki.be\/wp-content\/uploads\/2021\/10\/Packshot_3-2048x1579.png 2048w, https:\/\/www.aiki.be\/wp-content\/uploads\/2021\/10\/Packshot_3-16x12.png 16w, https:\/\/www.aiki.be\/wp-content\/uploads\/2021\/10\/Packshot_3-1568x1209.png 1568w\" sizes=\"(max-width: 34.9rem) calc(100vw - 2rem), (max-width: 53rem) calc(8 * (100vw \/ 12)), (min-width: 53rem) calc(6 * (100vw \/ 12)), 100vw\" \/>\t\t\t\t\t\t\t\t\t\t\t\t\t\t<\/div>\n\t\t\t\t\t\t<\/div>\n\t\t\t\t<\/div>\n\t\t\t\t<section class=\"elementor-section elementor-inner-section elementor-element elementor-element-daf25c5 elementor-section-boxed elementor-section-height-default elementor-section-height-default\" data-id=\"daf25c5\" data-element_type=\"section\">\n\t\t\t\t\t\t<div class=\"elementor-container elementor-column-gap-default\">\n\t\t\t\t\t\t\t<div class=\"elementor-row\">\n\t\t\t\t\t<div class=\"elementor-column elementor-col-100 elementor-inner-column elementor-element elementor-element-40fe289\" data-id=\"40fe289\" data-element_type=\"column\">\n\t\t\t<div class=\"elementor-column-wrap elementor-element-populated\">\n\t\t\t\t\t\t\t<div class=\"elementor-widget-wrap\">\n\t\t\t\t\t\t<div class=\"elementor-element elementor-element-f6300d2 elementor-widget elementor-widget-text-editor\" data-id=\"f6300d2\" data-element_type=\"widget\" data-widget_type=\"text-editor.default\">\n\t\t\t\t<div class=\"elementor-widget-container\">\n\t\t\t\t\t\t\t\t<div class=\"elementor-text-editor elementor-clearfix\">\n\t\t\t\t<p>A\u00cfKI YAKISOBA, VITE FAIT BIEN FAIT, C'EST DE JA PR\u00caT!<\/p>\t\t\t\t\t<\/div>\n\t\t\t\t\t\t<\/div>\n\t\t\t\t<\/div>\n\t\t\t\t<div class=\"elementor-element elementor-element-f3f18fe video-nl elementor-aspect-ratio-169 elementor-widget elementor-widget-video\" data-id=\"f3f18fe\" data-element_type=\"widget\" data-settings=\"{&quot;youtube_url&quot;:&quot;https:\\\/\\\/www.youtube.com\\\/watch?v=spoccV80sdI&amp;ab_channel=A%C3%AFki&quot;,&quot;video_type&quot;:&quot;youtube&quot;,&quot;aspect_ratio&quot;:&quot;169&quot;}\" data-widget_type=\"video.default\">\n\t\t\t\t<div class=\"elementor-widget-container\">\n\t\t\t\t\t<div class=\"elementor-wrapper elementor-fit-aspect-ratio elementor-open-inline\">\n\t\t\t<div class=\"elementor-video\"><\/div>\t\t<\/div>\n\t\t\t\t<\/div>\n\t\t\t\t<\/div>\n\t\t\t\t<div class=\"elementor-element elementor-element-2788eec video-fr elementor-aspect-ratio-169 elementor-widget elementor-widget-video\" data-id=\"2788eec\" data-element_type=\"widget\" data-settings=\"{&quot;youtube_url&quot;:&quot;https:\\\/\\\/www.youtube.com\\\/watch?v=3x2e_pbIElg&quot;,&quot;video_type&quot;:&quot;youtube&quot;,&quot;aspect_ratio&quot;:&quot;169&quot;}\" data-widget_type=\"video.default\">\n\t\t\t\t<div class=\"elementor-widget-container\">\n\t\t\t\t\t<div class=\"elementor-wrapper elementor-fit-aspect-ratio elementor-open-inline\">\n\t\t\t<div class=\"elementor-video\"><\/div>\t\t<\/div>\n\t\t\t\t<\/div>\n\t\t\t\t<\/div>\n\t\t\t\t\t\t<\/div>\n\t\t\t\t\t<\/div>\n\t\t<\/div>\n\t\t\t\t\t\t\t\t<\/div>\n\t\t\t\t\t<\/div>\n\t\t<\/section>\n\t\t\t\t<div class=\"elementor-element elementor-element-99436d0 elementor-widget elementor-widget-text-editor\" data-id=\"99436d0\" data-element_type=\"widget\" data-widget_type=\"text-editor.default\">\n\t\t\t\t<div class=\"elementor-widget-container\">\n\t\t\t\t\t\t\t\t<div class=\"elementor-text-editor elementor-clearfix\">\n\t\t\t\t<p>DECOUVREZ NOS 3 GO\u00dbTS<\/p>\t\t\t\t\t<\/div>\n\t\t\t\t\t\t<\/div>\n\t\t\t\t<\/div>\n\t\t\t\t<div class=\"elementor-element elementor-element-2ed5d1e elementor-widget elementor-widget-text-editor\" data-id=\"2ed5d1e\" data-element_type=\"widget\" data-widget_type=\"text-editor.default\">\n\t\t\t\t<div class=\"elementor-widget-container\">\n\t\t\t\t\t\t\t\t<div class=\"elementor-text-editor elementor-clearfix\">\n\t\t\t\t<p>A\u00efki Yakisoba vous offre une exp\u00e9rience gustative unique et est facile \u00e0 pr\u00e9parer. Il suffit d'ajouter de l'eau bouillante, d'attendre 3 minutes, d'\u00e9goutter les nouilles, d'ajouter la d\u00e9licieuse sauce et de remuer. Vous n\u2019avez plus qu\u2019\u00e0 d\u00e9guster votre A\u00efki Yakisoba, quand vous le souhaitez.<\/p>\t\t\t\t\t<\/div>\n\t\t\t\t\t\t<\/div>\n\t\t\t\t<\/div>\n\t\t\t\t<section class=\"elementor-section elementor-inner-section elementor-element elementor-element-cf2795e elementor-section-full_width elementor-section-height-default elementor-section-height-default\" data-id=\"cf2795e\" data-element_type=\"section\">\n\t\t\t\t\t\t<div class=\"elementor-container elementor-column-gap-default\">\n\t\t\t\t\t\t\t<div class=\"elementor-row\">\n\t\t\t\t\t<div class=\"elementor-column elementor-col-33 elementor-inner-column elementor-element elementor-element-25d5ef8\" data-id=\"25d5ef8\" data-element_type=\"column\">\n\t\t\t<div class=\"elementor-column-wrap elementor-element-populated\">\n\t\t\t\t\t\t\t<div class=\"elementor-widget-wrap\">\n\t\t\t\t\t\t<div class=\"elementor-element elementor-element-40989b7 elementor-widget elementor-widget-image\" data-id=\"40989b7\" data-element_type=\"widget\" data-widget_type=\"image.default\">\n\t\t\t\t<div class=\"elementor-widget-container\">\n\t\t\t\t\t\t\t\t<div class=\"elementor-image\">\n\t\t\t\t\t\t\t\t\t\t\t\t<img loading=\"lazy\" decoding=\"async\" width=\"1001\" height=\"1405\" src=\"https:\/\/www.aiki.be\/wp-content\/uploads\/2024\/08\/Yakisoba_classic_cup-V2.png\" class=\"attachment-full size-full\" alt=\"\" srcset=\"https:\/\/www.aiki.be\/wp-content\/uploads\/2024\/08\/Yakisoba_classic_cup-V2.png 1001w, https:\/\/www.aiki.be\/wp-content\/uploads\/2024\/08\/Yakisoba_classic_cup-V2-214x300.png 214w, https:\/\/www.aiki.be\/wp-content\/uploads\/2024\/08\/Yakisoba_classic_cup-V2-730x1024.png 730w, https:\/\/www.aiki.be\/wp-content\/uploads\/2024\/08\/Yakisoba_classic_cup-V2-768x1078.png 768w, https:\/\/www.aiki.be\/wp-content\/uploads\/2024\/08\/Yakisoba_classic_cup-V2-9x12.png 9w\" sizes=\"(max-width: 34.9rem) calc(100vw - 2rem), (max-width: 53rem) calc(8 * (100vw \/ 12)), (min-width: 53rem) calc(6 * (100vw \/ 12)), 100vw\" \/>\t\t\t\t\t\t\t\t\t\t\t\t\t\t<\/div>\n\t\t\t\t\t\t<\/div>\n\t\t\t\t<\/div>\n\t\t\t\t<div class=\"elementor-element elementor-element-5a3c032 elementor-widget elementor-widget-text-editor\" data-id=\"5a3c032\" data-element_type=\"widget\" data-widget_type=\"text-editor.default\">\n\t\t\t\t<div class=\"elementor-widget-container\">\n\t\t\t\t\t\t\t\t<div class=\"elementor-text-editor elementor-clearfix\">\n\t\t\t\t<p>D\u00e9licieuse recette japonaise avec des morceaux de l\u00e9gumes et une sauce orientale \u00e0 base de soja.<\/p>\t\t\t\t\t<\/div>\n\t\t\t\t\t\t<\/div>\n\t\t\t\t<\/div>\n\t\t\t\t\t\t<\/div>\n\t\t\t\t\t<\/div>\n\t\t<\/div>\n\t\t\t\t<div class=\"elementor-column elementor-col-33 elementor-inner-column elementor-element elementor-element-57170f5\" data-id=\"57170f5\" data-element_type=\"column\">\n\t\t\t<div class=\"elementor-column-wrap elementor-element-populated\">\n\t\t\t\t\t\t\t<div class=\"elementor-widget-wrap\">\n\t\t\t\t\t\t<div class=\"elementor-element elementor-element-dece5b0 elementor-widget elementor-widget-image\" data-id=\"dece5b0\" data-element_type=\"widget\" data-widget_type=\"image.default\">\n\t\t\t\t<div class=\"elementor-widget-container\">\n\t\t\t\t\t\t\t\t<div class=\"elementor-image\">\n\t\t\t\t\t\t\t\t\t\t\t\t<img loading=\"lazy\" decoding=\"async\" width=\"1003\" height=\"1404\" src=\"https:\/\/www.aiki.be\/wp-content\/uploads\/2024\/08\/Yakisoba_chicken-_cup-V2.png\" class=\"attachment-full size-full\" alt=\"\" srcset=\"https:\/\/www.aiki.be\/wp-content\/uploads\/2024\/08\/Yakisoba_chicken-_cup-V2.png 1003w, https:\/\/www.aiki.be\/wp-content\/uploads\/2024\/08\/Yakisoba_chicken-_cup-V2-214x300.png 214w, https:\/\/www.aiki.be\/wp-content\/uploads\/2024\/08\/Yakisoba_chicken-_cup-V2-732x1024.png 732w, https:\/\/www.aiki.be\/wp-content\/uploads\/2024\/08\/Yakisoba_chicken-_cup-V2-768x1075.png 768w, https:\/\/www.aiki.be\/wp-content\/uploads\/2024\/08\/Yakisoba_chicken-_cup-V2-9x12.png 9w\" sizes=\"(max-width: 34.9rem) calc(100vw - 2rem), (max-width: 53rem) calc(8 * (100vw \/ 12)), (min-width: 53rem) calc(6 * (100vw \/ 12)), 100vw\" \/>\t\t\t\t\t\t\t\t\t\t\t\t\t\t<\/div>\n\t\t\t\t\t\t<\/div>\n\t\t\t\t<\/div>\n\t\t\t\t<div class=\"elementor-element elementor-element-0caa84d elementor-widget elementor-widget-text-editor\" data-id=\"0caa84d\" data-element_type=\"widget\" data-widget_type=\"text-editor.default\">\n\t\t\t\t<div class=\"elementor-widget-container\">\n\t\t\t\t\t\t\t\t<div class=\"elementor-text-editor elementor-clearfix\">\n\t\t\t\t<p>D\u00e9licieuse recette japonaise avec des morceaux de poulet, des l\u00e9gumes et une sauce orientale avec un d\u00e9licieux go\u00fbt de poulet.<\/p>\t\t\t\t\t<\/div>\n\t\t\t\t\t\t<\/div>\n\t\t\t\t<\/div>\n\t\t\t\t\t\t<\/div>\n\t\t\t\t\t<\/div>\n\t\t<\/div>\n\t\t\t\t<div class=\"elementor-column elementor-col-33 elementor-inner-column elementor-element elementor-element-8bd07df\" data-id=\"8bd07df\" data-element_type=\"column\">\n\t\t\t<div class=\"elementor-column-wrap elementor-element-populated\">\n\t\t\t\t\t\t\t<div class=\"elementor-widget-wrap\">\n\t\t\t\t\t\t<div class=\"elementor-element elementor-element-40969b5 elementor-widget elementor-widget-image\" data-id=\"40969b5\" data-element_type=\"widget\" data-widget_type=\"image.default\">\n\t\t\t\t<div class=\"elementor-widget-container\">\n\t\t\t\t\t\t\t\t<div class=\"elementor-image\">\n\t\t\t\t\t\t\t\t\t\t\t\t<img loading=\"lazy\" decoding=\"async\" width=\"1004\" height=\"1405\" src=\"https:\/\/www.aiki.be\/wp-content\/uploads\/2024\/08\/Yakisoba_curry-_cup-V2.png\" class=\"attachment-full size-full\" alt=\"\" srcset=\"https:\/\/www.aiki.be\/wp-content\/uploads\/2024\/08\/Yakisoba_curry-_cup-V2.png 1004w, https:\/\/www.aiki.be\/wp-content\/uploads\/2024\/08\/Yakisoba_curry-_cup-V2-214x300.png 214w, https:\/\/www.aiki.be\/wp-content\/uploads\/2024\/08\/Yakisoba_curry-_cup-V2-732x1024.png 732w, https:\/\/www.aiki.be\/wp-content\/uploads\/2024\/08\/Yakisoba_curry-_cup-V2-768x1075.png 768w, https:\/\/www.aiki.be\/wp-content\/uploads\/2024\/08\/Yakisoba_curry-_cup-V2-9x12.png 9w\" sizes=\"(max-width: 34.9rem) calc(100vw - 2rem), (max-width: 53rem) calc(8 * (100vw \/ 12)), (min-width: 53rem) calc(6 * (100vw \/ 12)), 100vw\" \/>\t\t\t\t\t\t\t\t\t\t\t\t\t\t<\/div>\n\t\t\t\t\t\t<\/div>\n\t\t\t\t<\/div>\n\t\t\t\t<div class=\"elementor-element elementor-element-d004e42 elementor-widget elementor-widget-text-editor\" data-id=\"d004e42\" data-element_type=\"widget\" data-widget_type=\"text-editor.default\">\n\t\t\t\t<div class=\"elementor-widget-container\">\n\t\t\t\t\t\t\t\t<div class=\"elementor-text-editor elementor-clearfix\">\n\t\t\t\t<p>D\u00e9licieuse recette japonaise avec des morceaux de l\u00e9gumes et une sauce orientale avec un d\u00e9licieux go\u00fbt de curry.<\/p>\t\t\t\t\t<\/div>\n\t\t\t\t\t\t<\/div>\n\t\t\t\t<\/div>\n\t\t\t\t\t\t<\/div>\n\t\t\t\t\t<\/div>\n\t\t<\/div>\n\t\t\t\t\t\t\t\t<\/div>\n\t\t\t\t\t<\/div>\n\t\t<\/section>\n\t\t\t\t<div class=\"elementor-element elementor-element-5d6e170 elementor-widget elementor-widget-text-editor\" data-id=\"5d6e170\" data-element_type=\"widget\" data-widget_type=\"text-editor.default\">\n\t\t\t\t<div class=\"elementor-widget-container\">\n\t\t\t\t\t\t\t\t<div class=\"elementor-text-editor elementor-clearfix\">\n\t\t\t\t<p>RECYCLE ME!<\/p>\t\t\t\t\t<\/div>\n\t\t\t\t\t\t<\/div>\n\t\t\t\t<\/div>\n\t\t\t\t<div class=\"elementor-element elementor-element-b0e5ea9 elementor-widget elementor-widget-text-editor\" data-id=\"b0e5ea9\" data-element_type=\"widget\" data-widget_type=\"text-editor.default\">\n\t\t\t\t<div class=\"elementor-widget-container\">\n\t\t\t\t\t\t\t\t<div class=\"elementor-text-editor elementor-clearfix\">\n\t\t\t\t<p>Recyclez votre gobelet A\u00efki Yakisoba en 1-2-3 :<\/p><ol><li>Le couvercle noir, le film en aluminium et le sachet peuvent \u00eatre jet\u00e9s avec les d\u00e9chets r\u00e9siduels.<\/li><li><span lang=\"NL-BE\">Retirez le carton de votre gobelet et jetez-le dans la poubelle \u00e0 papier et \u00e0 carton. <\/span><span lang=\"NL-BE\">L'emballage en carton est constitu\u00e9 de carton certifi\u00e9 FSC. Cela garantit une origine responsable provenant de for\u00eats g\u00e9r\u00e9es durablement et\/ou du recyclage.<\/span><\/li><li>Le gobelet 100% recyclable va dans le sac PMC.<\/li><\/ol><p>Facile, non ?<\/p>\t\t\t\t\t<\/div>\n\t\t\t\t\t\t<\/div>\n\t\t\t\t<\/div>\n\t\t\t\t<div class=\"elementor-element elementor-element-b87fd14 elementor-widget elementor-widget-image\" data-id=\"b87fd14\" data-element_type=\"widget\" data-widget_type=\"image.default\">\n\t\t\t\t<div class=\"elementor-widget-container\">\n\t\t\t\t\t\t\t\t<div class=\"elementor-image\">\n\t\t\t\t\t\t\t\t\t\t\t\t<img loading=\"lazy\" decoding=\"async\" width=\"2646\" height=\"2151\" src=\"https:\/\/www.aiki.be\/wp-content\/uploads\/2021\/10\/Recycle_2@2x_FR.png\" class=\"attachment-full size-full\" alt=\"\" srcset=\"https:\/\/www.aiki.be\/wp-content\/uploads\/2021\/10\/Recycle_2@2x_FR.png 2646w, https:\/\/www.aiki.be\/wp-content\/uploads\/2021\/10\/Recycle_2@2x_FR-300x244.png 300w, https:\/\/www.aiki.be\/wp-content\/uploads\/2021\/10\/Recycle_2@2x_FR-1024x832.png 1024w, https:\/\/www.aiki.be\/wp-content\/uploads\/2021\/10\/Recycle_2@2x_FR-768x624.png 768w, https:\/\/www.aiki.be\/wp-content\/uploads\/2021\/10\/Recycle_2@2x_FR-1536x1249.png 1536w, https:\/\/www.aiki.be\/wp-content\/uploads\/2021\/10\/Recycle_2@2x_FR-2048x1665.png 2048w, https:\/\/www.aiki.be\/wp-content\/uploads\/2021\/10\/Recycle_2@2x_FR-16x12.png 16w, https:\/\/www.aiki.be\/wp-content\/uploads\/2021\/10\/Recycle_2@2x_FR-1568x1275.png 1568w\" sizes=\"(max-width: 34.9rem) calc(100vw - 2rem), (max-width: 53rem) calc(8 * (100vw \/ 12)), (min-width: 53rem) calc(6 * (100vw \/ 12)), 100vw\" \/>\t\t\t\t\t\t\t\t\t\t\t\t\t\t<\/div>\n\t\t\t\t\t\t<\/div>\n\t\t\t\t<\/div>\n\t\t\t\t<div class=\"elementor-element elementor-element-dc174e2 elementor-widget elementor-widget-text-editor\" data-id=\"dc174e2\" data-element_type=\"widget\" data-widget_type=\"text-editor.default\">\n\t\t\t\t<div class=\"elementor-widget-container\">\n\t\t\t\t\t\t\t\t<div class=\"elementor-text-editor elementor-clearfix\">\n\t\t\t\t<p>D\u00e9couvre aussi<\/p>\t\t\t\t\t<\/div>\n\t\t\t\t\t\t<\/div>\n\t\t\t\t<\/div>\n\t\t\t\t<section class=\"elementor-section elementor-inner-section elementor-element elementor-element-5cc529c elementor-section-boxed elementor-section-height-default elementor-section-height-default\" data-id=\"5cc529c\" data-element_type=\"section\">\n\t\t\t\t\t\t<div class=\"elementor-container elementor-column-gap-default\">\n\t\t\t\t\t\t\t<div class=\"elementor-row\">\n\t\t\t\t\t<div class=\"elementor-column elementor-col-50 elementor-inner-column elementor-element elementor-element-dcbe2e8\" data-id=\"dcbe2e8\" data-element_type=\"column\">\n\t\t\t<div class=\"elementor-column-wrap elementor-element-populated\">\n\t\t\t\t\t\t\t<div class=\"elementor-widget-wrap\">\n\t\t\t\t\t\t<div class=\"elementor-element elementor-element-0e3af0d elementor-widget elementor-widget-image\" data-id=\"0e3af0d\" data-element_type=\"widget\" data-widget_type=\"image.default\">\n\t\t\t\t<div class=\"elementor-widget-container\">\n\t\t\t\t\t\t\t\t<div class=\"elementor-image\">\n\t\t\t\t\t\t\t\t\t\t\t\t\t<a href=\"https:\/\/www.aiki.be\/fr\/mocktail-guide\/\">\n\t\t\t\t\t\t\t<img loading=\"lazy\" decoding=\"async\" width=\"678\" height=\"1160\" src=\"https:\/\/www.aiki.be\/wp-content\/uploads\/2021\/10\/Aiki_moktail@2x-e1636561667851.png\" class=\"attachment-full size-full\" alt=\"\" srcset=\"https:\/\/www.aiki.be\/wp-content\/uploads\/2021\/10\/Aiki_moktail@2x-e1636561667851.png 678w, https:\/\/www.aiki.be\/wp-content\/uploads\/2021\/10\/Aiki_moktail@2x-e1636561667851-175x300.png 175w, https:\/\/www.aiki.be\/wp-content\/uploads\/2021\/10\/Aiki_moktail@2x-e1636561667851-599x1024.png 599w, https:\/\/www.aiki.be\/wp-content\/uploads\/2021\/10\/Aiki_moktail@2x-e1636561667851-7x12.png 7w\" sizes=\"(max-width: 34.9rem) calc(100vw - 2rem), (max-width: 53rem) calc(8 * (100vw \/ 12)), (min-width: 53rem) calc(6 * (100vw \/ 12)), 100vw\" \/>\t\t\t\t\t\t\t\t<\/a>\n\t\t\t\t\t\t\t\t\t\t\t\t\t\t<\/div>\n\t\t\t\t\t\t<\/div>\n\t\t\t\t<\/div>\n\t\t\t\t<div class=\"elementor-element elementor-element-64b4a86 elementor-widget elementor-widget-text-editor\" data-id=\"64b4a86\" data-element_type=\"widget\" data-widget_type=\"text-editor.default\">\n\t\t\t\t<div class=\"elementor-widget-container\">\n\t\t\t\t\t\t\t\t<div class=\"elementor-text-editor elementor-clearfix\">\n\t\t\t\t<p>AIKI&#8217;S MOCKTAIL <br>GUIDE<br><\/p>\t\t\t\t\t<\/div>\n\t\t\t\t\t\t<\/div>\n\t\t\t\t<\/div>\n\t\t\t\t\t\t<\/div>\n\t\t\t\t\t<\/div>\n\t\t<\/div>\n\t\t\t\t<div class=\"elementor-column elementor-col-50 elementor-inner-column elementor-element elementor-element-9fc3ed7\" data-id=\"9fc3ed7\" data-element_type=\"column\">\n\t\t\t<div class=\"elementor-column-wrap elementor-element-populated\">\n\t\t\t\t\t\t\t<div class=\"elementor-widget-wrap\">\n\t\t\t\t\t\t<div class=\"elementor-element elementor-element-8980a93 elementor-widget elementor-widget-image\" data-id=\"8980a93\" data-element_type=\"widget\" data-widget_type=\"image.default\">\n\t\t\t\t<div class=\"elementor-widget-container\">\n\t\t\t\t\t\t\t\t<div class=\"elementor-image\">\n\t\t\t\t\t\t\t\t\t\t\t\t\t<a href=\"https:\/\/www.aiki.be\/fr\/summer-playlist\/\">\n\t\t\t\t\t\t\t<img loading=\"lazy\" decoding=\"async\" width=\"1241\" height=\"1068\" src=\"https:\/\/www.aiki.be\/wp-content\/uploads\/2021\/10\/Aiki_summer_Yaki@2x.png\" class=\"attachment-full size-full\" alt=\"\" srcset=\"https:\/\/www.aiki.be\/wp-content\/uploads\/2021\/10\/Aiki_summer_Yaki@2x.png 1241w, https:\/\/www.aiki.be\/wp-content\/uploads\/2021\/10\/Aiki_summer_Yaki@2x-300x258.png 300w, https:\/\/www.aiki.be\/wp-content\/uploads\/2021\/10\/Aiki_summer_Yaki@2x-1024x881.png 1024w, https:\/\/www.aiki.be\/wp-content\/uploads\/2021\/10\/Aiki_summer_Yaki@2x-768x661.png 768w, https:\/\/www.aiki.be\/wp-content\/uploads\/2021\/10\/Aiki_summer_Yaki@2x-14x12.png 14w\" sizes=\"(max-width: 34.9rem) calc(100vw - 2rem), (max-width: 53rem) calc(8 * (100vw \/ 12)), (min-width: 53rem) calc(6 * (100vw \/ 12)), 100vw\" \/>\t\t\t\t\t\t\t\t<\/a>\n\t\t\t\t\t\t\t\t\t\t\t\t\t\t<\/div>\n\t\t\t\t\t\t<\/div>\n\t\t\t\t<\/div>\n\t\t\t\t<div class=\"elementor-element elementor-element-ad31da5 elementor-widget elementor-widget-text-editor\" data-id=\"ad31da5\" data-element_type=\"widget\" data-widget_type=\"text-editor.default\">\n\t\t\t\t<div class=\"elementor-widget-container\">\n\t\t\t\t\t\t\t\t<div class=\"elementor-text-editor elementor-clearfix\">\n\t\t\t\t<p>AIKI&#8217;S SUMMER <br>PLAYLIST<\/p>\t\t\t\t\t<\/div>\n\t\t\t\t\t\t<\/div>\n\t\t\t\t<\/div>\n\t\t\t\t\t\t<\/div>\n\t\t\t\t\t<\/div>\n\t\t<\/div>\n\t\t\t\t\t\t\t\t<\/div>\n\t\t\t\t\t<\/div>\n\t\t<\/section>\n\t\t\t\t\t\t<\/div>\n\t\t\t\t\t<\/div>\n\t\t<\/div>\n\t\t\t\t\t\t\t\t<\/div>\n\t\t\t\t\t<\/div>\n\t\t<\/section>\n\t\t\t\t\t\t\t\t\t<\/div>\n\t\t\t<\/div>\n\t\t\t\t\t<\/div>","protected":false},"excerpt":{"rendered":"<p>A\u00cfKI YAKISOBA A\u00efki Yakisoba, ge\u00efnspireerd op het Japanse noedelgerecht \u2018Yakisoba\u2019. Heerlijke noedels, stukjes groenten en een zalige, zoete en hartige, vloeibare saus. Dat is de basis voor de A\u00efki Yakisoba-recepten. Er zijn drie smaken, elk met een eigen unieke smaakbeleving: Classic, Chicken en Curry. Lekker, zeg je? Dat vinden wij ook! VERLIES GEEN TI JD [&hellip;]<\/p>","protected":false},"author":3,"featured_media":0,"parent":0,"menu_order":0,"comment_status":"closed","ping_status":"closed","template":"elementor_header_footer","meta":{"_eb_attr":"","_mi_skip_tracking":false,"_monsterinsights_sitenote_active":false,"_monsterinsights_sitenote_note":"","_monsterinsights_sitenote_category":0,"footnotes":""},"class_list":["post-14162","page","type-page","status-publish","hentry","entry"],"acf":[],"_links":{"self":[{"href":"https:\/\/www.aiki.be\/fr\/wp-json\/wp\/v2\/pages\/14162"}],"collection":[{"href":"https:\/\/www.aiki.be\/fr\/wp-json\/wp\/v2\/pages"}],"about":[{"href":"https:\/\/www.aiki.be\/fr\/wp-json\/wp\/v2\/types\/page"}],"author":[{"embeddable":true,"href":"https:\/\/www.aiki.be\/fr\/wp-json\/wp\/v2\/users\/3"}],"replies":[{"embeddable":true,"href":"https:\/\/www.aiki.be\/fr\/wp-json\/wp\/v2\/comments?post=14162"}],"version-history":[{"count":45,"href":"https:\/\/www.aiki.be\/fr\/wp-json\/wp\/v2\/pages\/14162\/revisions"}],"predecessor-version":[{"id":14838,"href":"https:\/\/www.aiki.be\/fr\/wp-json\/wp\/v2\/pages\/14162\/revisions\/14838"}],"wp:attachment":[{"href":"https:\/\/www.aiki.be\/fr\/wp-json\/wp\/v2\/media?parent=14162"}],"curies":[{"name":"wp","href":"https:\/\/api.w.org\/{rel}","templated":true}]}}