{"id":14614,"date":"2026-04-24T15:55:20","date_gmt":"2026-04-24T13:55:20","guid":{"rendered":"https:\/\/www.aiki.be\/?page_id=14614"},"modified":"2026-04-27T11:28:33","modified_gmt":"2026-04-27T09:28:33","slug":"wedstrijd-reglement-fun-fuel-for-festival","status":"publish","type":"page","link":"https:\/\/www.aiki.be\/fr\/wedstrijd-reglement-fun-fuel-for-festival\/","title":{"rendered":"Wedstrijd reglement Fun fuel for festival"},"content":{"rendered":"<div data-elementor-type=\"wp-page\" data-elementor-id=\"14614\" class=\"elementor elementor-14614\">\n\t\t\t\t\t\t<div class=\"elementor-inner\">\n\t\t\t\t<div class=\"elementor-section-wrap\">\n\t\t\t\t\t\t\t\t\t<section class=\"elementor-section elementor-top-section elementor-element elementor-element-de6a8aa elementor-section-boxed elementor-section-height-default elementor-section-height-default\" data-id=\"de6a8aa\" data-element_type=\"section\">\n\t\t\t\t\t\t<div class=\"elementor-container elementor-column-gap-default\">\n\t\t\t\t\t\t\t<div class=\"elementor-row\">\n\t\t\t\t\t<div class=\"elementor-column elementor-col-100 elementor-top-column elementor-element elementor-element-6993596\" data-id=\"6993596\" data-element_type=\"column\">\n\t\t\t<div class=\"elementor-column-wrap elementor-element-populated\">\n\t\t\t\t\t\t\t<div class=\"elementor-widget-wrap\">\n\t\t\t\t\t\t<div class=\"elementor-element elementor-element-c56e0ce elementor-widget elementor-widget-heading\" data-id=\"c56e0ce\" data-element_type=\"widget\" data-widget_type=\"heading.default\">\n\t\t\t\t<div class=\"elementor-widget-container\">\n\t\t\t<h3 class=\"elementor-heading-title elementor-size-default\"><p align=\"center\" style=\"margin: 0cm 0cm 10pt; line-height: 16.8667px; font-size: 11pt; font-family: Calibri, sans-serif; color: rgb(0, 0, 0); font-weight: 400; letter-spacing: normal; white-space: normal; text-align: center;\"><\/p>R\u00c8GLEMENT G\u00c9N\u00c9RAL<br>\nPROMOTION FESTIVALS AIKI \u2013 \u00ab GAGNEZ CHAQUE SEMAINE DES TICKETS DE FESTIVAL &amp; DES GADGETS \u00bb\n<\/h3>\t\t<\/div>\n\t\t\t\t<\/div>\n\t\t\t\t<div class=\"elementor-element elementor-element-0b113b1 elementor-widget elementor-widget-text-editor\" data-id=\"0b113b1\" data-element_type=\"widget\" data-widget_type=\"text-editor.default\">\n\t\t\t\t<div class=\"elementor-widget-container\">\n\t\t\t\t\t\t\t\t<div class=\"elementor-text-editor elementor-clearfix\">\n\t\t\t\t<ol><li><strong>ORGANISATEUR<\/strong><\/li><\/ol><p>GB Foods Belgium NV, soci\u00e9t\u00e9 anonyme ayant son si\u00e8ge social Rijksweg 16, 2870 Puurs-Sint-Amands, Belgique et inscrite \u00e0 la Banque-Carrefour des Entreprises sous le num\u00e9ro BE 0458.358.850 (ci-apr\u00e8s l\u2019\u00ab Organisateur \u00bb), organise un concours promotionnel pour sa marque A\u00efki (la \u00ab Promotion \u00bb).<\/p><p>L\u2019Organisateur peut se faire assister par des tiers pour l\u2019ex\u00e9cution technique ou logistique de la Promotion.<\/p><ol start=\"2\"><li><b> OBJET DE LA PROMOTION<\/b><\/li><\/ol><div><p>La Promotion a pour objet de promouvoir les produits A\u00efki au moyen d\u2019un concours sur le th\u00e8me des festivals permettant aux participants de gagner des tickets de festival et des gadgets de marque en r\u00e9pondant \u00e0 une question de concours li\u00e9e \u00e0 la marque A\u00efki.<\/p><p>La participation implique l\u2019acceptation pleine et enti\u00e8re du R\u00e8glement G\u00e9n\u00e9ral.<\/p><p>Le R\u00e8glement G\u00e9n\u00e9ral est disponible sur le Site de la Promotion (tel que d\u00e9fini \u00e0 l\u2019article 3 ci-dessous) pendant toute la dur\u00e9e de la Promotion et peut \u00eatre t\u00e9l\u00e9charg\u00e9 et conserv\u00e9 sur un support durable.<\/p><\/div><ol start=\"3\"><li><strong>DUR\u00c9E<\/strong><\/li><\/ol><p>La Promotion se d\u00e9roule du 1er mai 2026 au 31 ao\u00fbt 2026 inclus (la \u00ab P\u00e9riode de la Promotion \u00bb).<\/p><p>Des tirages au sort hebdomadaires auront lieu pendant la P\u00e9riode de la Promotion. Un aper\u00e7u des prix disponibles sera publi\u00e9 sur www.aiki.be\/funfuelforfestivals (le \u00ab Site de la Promotion \u00bb). L\u2019Organisateur se r\u00e9serve le droit d\u2019adapter le planning ou la dur\u00e9e en cas de circonstances impr\u00e9vues.<\/p><ol start=\"4\"><li><strong>CONDITIONS DE PARTICIPATION<\/strong><\/li><\/ol><p>La participation n\u2019est valable que si toutes les conditions suivantes sont remplies :<\/p><ul><li>La participation est r\u00e9serv\u00e9e aux personnes physiques uniquement (\u00e0 l\u2019exclusion des personnes morales ou entreprises).<\/li><li>Les participants doivent \u00eatre \u00e2g\u00e9s d\u2019au moins 18 ans au moment de la participation.<\/li><li>Les participants doivent r\u00e9sider en Belgique.<\/li><li>Les employ\u00e9s de l\u2019Organisateur, de ses soci\u00e9t\u00e9s affili\u00e9es et toute personne directement ou indirectement impliqu\u00e9e dans la Promotion sont exclus de la participation.<\/li><li>La participation est personnelle et individuelle. Toute participation en groupe ainsi que l\u2019utilisation d\u2019outils automatis\u00e9s ou de bots est strictement interdite.<\/li><li>L\u2019Organisateur se r\u00e9serve le droit d\u2019exclure tout participant fournissant des informations incorrectes, incompl\u00e8tes ou frauduleuses.<\/li><\/ul><ol start=\"5\"><li><strong>MODALIT\u00c9S DE PARTICIPATION<\/strong><\/li><\/ol><p>Pour participer \u00e0 la Promotion pendant la P\u00e9riode de la Promotion, les participants doivent :<\/p><ol><li>T\u00e9l\u00e9charger une preuve d\u2019achat valable (ticket de caisse) indiquant clairement l\u2019achat d\u2019au moins un (1) produit A\u00efki pendant la P\u00e9riode de la Promotion.<\/li><li>R\u00e9pondre \u00e0 la question de concours (les questions porteront principalement sur la marque A\u00efki, p. ex. les couleurs de la marque ou la connaissance des produits).<\/li><li>R\u00e9pondre \u00e0 la question subsidiaire (\u00ab schiftingsvraag \u00bb ; \u00ab question subsidiaire \u00bb). La question subsidiaire sera utilis\u00e9e pour d\u00e9terminer le(s) gagnant(s) dans l\u2019hypoth\u00e8se o\u00f9 plusieurs participants fourniraient la bonne r\u00e9ponse \u00e0 la question de concours. Le participant dont la r\u00e9ponse est la plus proche de la bonne r\u00e9ponse \u00e0 la question subsidiaire l\u2019emportera.<\/li><li>Communiquer des coordonn\u00e9es valables (pr\u00e9nom, nom, adresse e-mail et toute autre information requise).<\/li><\/ol><p>Seules les participations compl\u00e8tes seront consid\u00e9r\u00e9es comme valables.<\/p><p>Chaque participant peut soumettre une participation par tirage hebdomadaire.<\/p><p>Toutefois, chaque preuve d\u2019achat suppl\u00e9mentaire valable (ticket de caisse) de produits A\u00efki t\u00e9l\u00e9charg\u00e9e durant la m\u00eame semaine conf\u00e8re une chance suppl\u00e9mentaire de gagner lors du tirage hebdomadaire concern\u00e9.<\/p><p>Seuls les tickets de caisse dat\u00e9s dans la P\u00e9riode de la Promotion et indiquant clairement l\u2019achat d\u2019au moins un (1) produit A\u00efki seront accept\u00e9s. L\u2019Organisateur se r\u00e9serve le droit de refuser les tickets peu clairs, incomplets, modifi\u00e9s ou illisibles. Les participants doivent conserver le ticket de caisse original et le produire \u00e0 la demande de l\u2019Organisateur.<\/p><ol start=\"6\"><li><strong>D\u00c9SIGNATION DES GAGNANTS<\/strong><\/li><\/ol><ul><li>Les gagnants sont s\u00e9lectionn\u00e9s sur la base des r\u00e9ponses correctes \u00e0 la question de concours.<\/li><li>En cas de pluralit\u00e9 de bonnes r\u00e9ponses \u00e0 la question de concours, le gagnant sera d\u00e9termin\u00e9 sur la base de la question subsidiaire. Le participant dont la r\u00e9ponse est la plus proche de la bonne r\u00e9ponse \u00e0 la question subsidiaire l\u2019emportera. En cas d\u2019\u00e9galit\u00e9 persistante, le participant ayant soumis sa participation en premier sera d\u00e9sign\u00e9 gagnant.<\/li><li>Si, apr\u00e8s application des crit\u00e8res ci-dessus, une \u00e9galit\u00e9 subsiste encore, le gagnant sera d\u00e9termin\u00e9 par l\u2019Organisateur \u00e0 sa seule discr\u00e9tion.<\/li><li>Les gagnants seront contact\u00e9s par e-mail via les coordonn\u00e9es communiqu\u00e9es.<\/li><\/ul><p>Si un gagnant ne r\u00e9pond pas dans un d\u00e9lai de quatorze (14) jours calendrier apr\u00e8s avoir \u00e9t\u00e9 contact\u00e9, l\u2019Organisateur se r\u00e9serve le droit de d\u00e9signer un autre gagnant conform\u00e9ment aux crit\u00e8res de s\u00e9lection \u00e9nonc\u00e9s ci-dessus.<\/p><p>Toutes les d\u00e9cisions de l\u2019Organisateur sont d\u00e9finitives et contraignantes. Aucune correspondance ne sera \u00e9chang\u00e9e.<\/p><ol start=\"7\"><li><strong>PRIX<\/strong><\/li><\/ol><p>Les prix suivants peuvent \u00eatre gagn\u00e9s pendant la P\u00e9riode de la Promotion :<\/p><p>Tickets de festival<\/p><ul><li>Lokerse Feesten \u2013 10 tickets \u00ab Day \u00bb<\/li><li>Pukkelpop \u2013 5 tickets \u00ab Combi \u00bb<\/li><li>Dour Festival \u2013 20 tickets \u00ab Combi \u00bb<\/li><\/ul><p>Prix festivals &amp; gadgets A\u00efki<\/p><ul><li>54 packs festival (t-shirt(s), chapeau\/casquette, lunettes de soleil, pr\u00e9servatifs, \u00e9chantillons)<\/li><li>3 speakers<\/li><li>54 chaises de plage<\/li><\/ul><p>Les prix de moindre valeur (tels que les packs festival et les chaises de plage) seront attribu\u00e9s de mani\u00e8re hebdomadaire pendant la P\u00e9riode de la Promotion. Les prix de plus grande valeur (tels que les tickets de festival) seront attribu\u00e9s p\u00e9riodiquement. La r\u00e9partition exacte des prix par tirage peut varier \u00e0 la discr\u00e9tion de l\u2019Organisateur.<\/p><p>Les prix sont soumis aux conditions suivantes :<\/p><ul><li>sont non transf\u00e9rables<\/li><li>ne peuvent pas \u00eatre \u00e9chang\u00e9s contre de l\u2019argent ou d\u2019autres biens<\/li><li>doivent \u00eatre accept\u00e9s tels qu\u2019attribu\u00e9s<\/li><\/ul><p>L\u2019Organisateur se r\u00e9serve le droit de remplacer un prix par un prix similaire de valeur \u00e9quivalente si n\u00e9cessaire. Les gagnants sont seuls responsables du respect de toute condition d\u2019\u00e2ge, d\u2019acc\u00e8s, d\u2019identification ou autre exig\u00e9e par l\u2019organisateur du festival concern\u00e9 ou le lieu.<\/p><p>Toute obligation fiscale d\u00e9coulant de la r\u00e9ception d\u2019un prix est \u00e0 la charge exclusive du gagnant, sauf disposition contraire du droit applicable.<\/p><ol start=\"8\"><li><strong>REMISE DES PRIX<\/strong><\/li><\/ol><ul><li>Les gagnants seront inform\u00e9s au plus tard dans un d\u00e9lai de 14 jours calendrier suivant le tirage concern\u00e9.<\/li><li>Les prix physiques seront exp\u00e9di\u00e9s au plus tard dans un d\u00e9lai de 21 jours calendrier apr\u00e8s que le gagnant a \u00e9t\u00e9 inform\u00e9.L\u2019Organisateur ne peut \u00eatre tenu responsable des retards caus\u00e9s par des tiers (p. ex. services postaux, fournisseurs).<\/li><li>Les prix digitaux (tels que e-tickets, vouchers num\u00e9riques ou codes d\u2019acc\u00e8s) seront transmis par e-mail au plus tard dans un d\u00e9lai de 21 jours calendrier apr\u00e8s que le gagnant a \u00e9t\u00e9 inform\u00e9.L\u2019Organisateur ne peut \u00eatre tenu responsable des retards caus\u00e9s par des tiers (p. ex. organisateurs de festivals, plateformes de billetterie, fournisseurs de services e-mail) ni des probl\u00e8mes li\u00e9s aux filtres anti-spam ou aux adresses e-mail incorrectes communiqu\u00e9es par le participant.<\/li><\/ul><ol start=\"9\"><li><strong>RESPONSABILIT\u00c9<\/strong><\/li><\/ol><p>L\u2019Organisateur n\u2019est pas responsable :<\/p><ul><li>des probl\u00e8mes techniques li\u00e9s au site, aux t\u00e9l\u00e9chargements ou \u00e0 la communication par e-mail<\/li><li>de la perte ou des dommages subis par les tickets apr\u00e8s leur remise<\/li><li>des frais encourus par les participants pour participer \u00e0 la Promotion (internet, d\u00e9placements, etc.)<\/li><\/ul><p>Dans la mesure permise par le droit applicable, la participation se fait aux risques du participant. Aucune disposition du pr\u00e9sent R\u00e8glement n\u2019exclut ni ne limite la responsabilit\u00e9 de l\u2019Organisateur en cas de fraude, de faute intentionnelle, ou de toute responsabilit\u00e9 qui ne peut \u00eatre exclue ou limit\u00e9e en vertu du droit applicable.<\/p><ol start=\"10\"><li><strong>FRAUDE ET UTILISATION ABUSIVE<\/strong><\/li><\/ol><p>Tout abus, fraude, manipulation ou violation du pr\u00e9sent R\u00e8glement entra\u00eenera l\u2019exclusion imm\u00e9diate de l\u2019Promotion et la perte de tout prix (potentiel).<\/p><p>L\u2019Organisateur se r\u00e9serve le droit d\u2019exclure des participants de promotions futures.<\/p><ol start=\"11\"><li><strong> PUBLICIT\u00c9<\/strong><\/li><\/ol><p>En participant \u00e0 la Promotion et, en cas de gain, les participants consentent \u00e0 la publication de leur pr\u00e9nom et de leur ville \u00e0 des fins promotionnelles, sans compensation suppl\u00e9mentaire.<\/p><p>L\u2019Organisateur peut demander aux gagnants de participer \u00e0 des activit\u00e9s promotionnelles raisonnables li\u00e9es \u00e0 la Promotion.<\/p><p>Toute utilisation de l\u2019image ou de la ressemblance d\u2019un gagnant au-del\u00e0 de la publication du pr\u00e9nom et de la ville requiert le consentement pr\u00e9alable et expr\u00e8s du gagnant.<\/p><ol start=\"12\"><li><strong> PROTECTION DES DONN\u00c9ES \u00c0 CARACT\u00c8RE PERSONNEL<\/strong><\/li><\/ol><p>En participant \u00e0 cette Promotion, vous reconnaissez que vos donn\u00e9es \u00e0 caract\u00e8re personnel sont collect\u00e9es et trait\u00e9es par l\u2019Organisateur, agissant en qualit\u00e9 de \u00ab responsable du traitement \u00bb au sens du RGPD. Ce traitement est effectu\u00e9 conform\u00e9ment au droit applicable en mati\u00e8re de protection des donn\u00e9es, y compris le R\u00e8glement g\u00e9n\u00e9ral sur la protection des donn\u00e9es (le \u00ab RGPD \u00bb) 2016\/679 (ainsi que toute autre l\u00e9gislation nationale applicable qui compl\u00e8te ou met en \u0153uvre le RGPD).<\/p><p>L\u2019Organisateur peut traiter les cat\u00e9gories suivantes de donn\u00e9es \u00e0 caract\u00e8re personnel vous concernant :<\/p><ul><li>donn\u00e9es d\u2019identification et caract\u00e9ristiques personnelles telles que nom, adresse, num\u00e9ro de t\u00e9l\u00e9phone et adresse e-mail ;<\/li><li>donn\u00e9es de r\u00e9seaux sociaux (dans le cadre d\u2019une campagne promotionnelle sur les r\u00e9seaux sociaux).<\/li><\/ul><p>Vos donn\u00e9es \u00e0 caract\u00e8re personnel seront uniquement trait\u00e9es aux fins de votre participation \u00e0 la Promotion, traitement n\u00e9cessaire \u00e0 l\u2019ex\u00e9cution de la Promotion \u00e0 laquelle vous participez. Si vous avez consenti \u00e0 recevoir des messages de marketing direct \u00e9lectronique, vos donn\u00e9es \u00e0 caract\u00e8re personnel seront \u00e9galement trait\u00e9es \u00e0 ces fins jusqu\u2019\u00e0 votre d\u00e9sinscription.<\/p><p>Les donn\u00e9es \u00e0 caract\u00e8re personnel seront conserv\u00e9es aussi longtemps que n\u00e9cessaire \u00e0 cette finalit\u00e9 et, en tout \u00e9tat de cause, pendant une dur\u00e9e maximale d\u2019un (1) an apr\u00e8s la fin de la Promotion, sauf si une dur\u00e9e de conservation plus longue est requise par le droit applicable, ou aussi longtemps que cela peut s\u2019av\u00e9rer n\u00e9cessaire pour respecter une obligation l\u00e9gale. Vos donn\u00e9es \u00e0 caract\u00e8re personnel peuvent \u00eatre partag\u00e9es par l\u2019Organisateur avec des sous-traitants ou des agences impliqu\u00e9s dans la mise en \u0153uvre de cette Promotion, avec nos entit\u00e9s affili\u00e9es (toutes situ\u00e9es dans l\u2019Espace \u00e9conomique europ\u00e9en) et avec certains de nos partenaires commerciaux. Enfin, vos donn\u00e9es peuvent \u00e9galement \u00eatre communiqu\u00e9es \u00e0 des autorit\u00e9s publiques (administratives ou judiciaires) et organismes dans les cas o\u00f9 une r\u00e8gle de droit le pr\u00e9voit.<\/p><p>Vous pouvez demander l\u2019acc\u00e8s aux donn\u00e9es \u00e0 caract\u00e8re personnel vous concernant et, le cas \u00e9ch\u00e9ant, la rectification ou l\u2019effacement de donn\u00e9es (inexactes), la limitation du traitement ou la portabilit\u00e9 des donn\u00e9es, mais uniquement dans la mesure o\u00f9 les conditions l\u00e9gales d\u2019exercice de ces droits sont remplies et moyennant la fourniture d\u2019une preuve d\u2019identit\u00e9. Chacun a \u00e9galement le droit de retirer son consentement \u00e0 tout moment, sans porter atteinte \u00e0 la lic\u00e9it\u00e9 du traitement fond\u00e9 sur le consentement avant son retrait.Toute question relative au traitement des donn\u00e9es \u00e0 caract\u00e8re personnel peut \u00eatre adress\u00e9e \u00e0 dataprivacy@thegbfoods.com.\nEnfin, nous vous informons que vous pouvez contacter l\u2019Autorit\u00e9 de protection des donn\u00e9es belge et, le cas \u00e9ch\u00e9ant, d\u2019autres autorit\u00e9s comp\u00e9tentes pour toute r\u00e9clamation d\u00e9coulant du traitement de vos donn\u00e9es \u00e0 caract\u00e8re personnel.<\/p><p>Pour plus d\u2019informations sur la mani\u00e8re dont GB Foods Belgium NV traite les donn\u00e9es \u00e0 caract\u00e8re personnel, veuillez consulter https:\/\/thegbfoodseurope.com\/privacy-policy\/<\/p><ol start=\"13\"><li><strong> PROPRI\u00c9T\u00c9 INTELLECTUELLE<\/strong><\/li><\/ol><p>GB Foods Belgium NV est le seul et unique propri\u00e9taire et\/ou dispose l\u00e9galement de la marque, du logo et des designs \u00ab A\u00efki \u00bb, ainsi que du Site de la Promotion et de l\u2019ensemble du contenu qui y est affich\u00e9. En participant \u00e0 la Promotion, les participants n\u2019acqui\u00e8rent aucun droit ni aucune pr\u00e9tention \u00e0 cet \u00e9gard.<\/p><p>Lors de l\u2019acc\u00e8s aux r\u00e9seaux sociaux, sites web et\/ou plateformes de tiers, les participants doivent respecter les droits de propri\u00e9t\u00e9 intellectuelle y aff\u00e9rents. Aucune licence, autorisation ou droit n\u2019est accord\u00e9 par l\u2019Organisateur en relation avec ces droits de propri\u00e9t\u00e9 intellectuelle de tiers.<\/p><ol start=\"14\"><li><strong> DROIT APPLICABLE<\/strong><\/li><\/ol><p>Le pr\u00e9sent R\u00e8glement est r\u00e9gi par le droit belge. Tout litige sera soumis aux juridictions belges comp\u00e9tentes. Si vous \u00eates un consommateur, vous pouvez \u00e9galement introduire une promotion devant les tribunaux du lieu de votre domicile.<\/p>\t\t\t\t\t<\/div>\n\t\t\t\t\t\t<\/div>\n\t\t\t\t<\/div>\n\t\t\t\t<div class=\"elementor-element elementor-element-f4c5268 elementor-align-center elementor-widget elementor-widget-button\" data-id=\"f4c5268\" data-element_type=\"widget\" data-widget_type=\"button.default\">\n\t\t\t\t<div class=\"elementor-widget-container\">\n\t\t\t\t\t<div class=\"elementor-button-wrapper\">\n\t\t\t<a href=\"https:\/\/www.aiki.be\/fr\/contact\/\" class=\"elementor-button-link elementor-button elementor-size-sm\" role=\"button\">\n\t\t\t\t\t\t<span class=\"elementor-button-content-wrapper\">\n\t\t\t\t\t\t<span class=\"elementor-button-text\">CONTACTEZ-NOUS<\/span>\n\t\t<\/span>\n\t\t\t\t\t<\/a>\n\t\t<\/div>\n\t\t\t\t<\/div>\n\t\t\t\t<\/div>\n\t\t\t\t\t\t<\/div>\n\t\t\t\t\t<\/div>\n\t\t<\/div>\n\t\t\t\t\t\t\t\t<\/div>\n\t\t\t\t\t<\/div>\n\t\t<\/section>\n\t\t\t\t\t\t\t\t\t<\/div>\n\t\t\t<\/div>\n\t\t\t\t\t<\/div>","protected":false},"excerpt":{"rendered":"<p>ALGEMENE VOORWAARDEN AIKI FESTIVALPROMOTIE \u2013 &#8220;WIN ELKE WEEK FESTIVALTICKETS &#038; GADGETS&#8221; ORGANISATOR GB Foods Belgium NV, een naamloze vennootschap met maatschappelijke zetel te Rijksweg 16, 2870 Puurs-Sint-Amands, Belgi\u00eb en ingeschreven in de Kruispuntbank van Ondernemingen onder nummer BE 0458.358.850 (hierna de &#8220;Organisator&#8221;), organiseert een promotionele wedstrijd voor haar merk A\u00efki (de &#8220;Promotie&#8221;). De Organisator kan [&hellip;]<\/p>","protected":false},"author":6,"featured_media":0,"parent":0,"menu_order":0,"comment_status":"closed","ping_status":"closed","template":"elementor_header_footer","meta":{"_eb_attr":"","_mi_skip_tracking":false,"_monsterinsights_sitenote_active":false,"_monsterinsights_sitenote_note":"","_monsterinsights_sitenote_category":0,"footnotes":""},"class_list":["post-14614","page","type-page","status-publish","hentry","entry"],"acf":[],"_links":{"self":[{"href":"https:\/\/www.aiki.be\/fr\/wp-json\/wp\/v2\/pages\/14614"}],"collection":[{"href":"https:\/\/www.aiki.be\/fr\/wp-json\/wp\/v2\/pages"}],"about":[{"href":"https:\/\/www.aiki.be\/fr\/wp-json\/wp\/v2\/types\/page"}],"author":[{"embeddable":true,"href":"https:\/\/www.aiki.be\/fr\/wp-json\/wp\/v2\/users\/6"}],"replies":[{"embeddable":true,"href":"https:\/\/www.aiki.be\/fr\/wp-json\/wp\/v2\/comments?post=14614"}],"version-history":[{"count":7,"href":"https:\/\/www.aiki.be\/fr\/wp-json\/wp\/v2\/pages\/14614\/revisions"}],"predecessor-version":[{"id":14652,"href":"https:\/\/www.aiki.be\/fr\/wp-json\/wp\/v2\/pages\/14614\/revisions\/14652"}],"wp:attachment":[{"href":"https:\/\/www.aiki.be\/fr\/wp-json\/wp\/v2\/media?parent=14614"}],"curies":[{"name":"wp","href":"https:\/\/api.w.org\/{rel}","templated":true}]}}